{"id":13045,"date":"2022-09-05T12:59:54","date_gmt":"2022-09-05T10:59:54","guid":{"rendered":"https:\/\/www.ulriksdalsvardshus.se\/en\/?page_id=13045"},"modified":"2023-04-12T10:13:00","modified_gmt":"2023-04-12T08:13:00","slug":"ulriksdals-vardshus","status":"publish","type":"page","link":"https:\/\/www.ulriksdalsvardshus.se\/en\/ulriksdals-vardshus\/","title":{"rendered":"Ulriksdals V\u00e4rdshus"},"content":{"rendered":"\n\n\t\t\t\t<img decoding=\"async\" src=\"https:\/\/www.ulriksdalsvardshus.se\/en\/wp-content\/uploads\/sites\/2\/2022\/09\/Ulriksdals_Vardshus.png\"\n\t\t\t\t\t alt=\"Hero banner\"\/>\n\t\t\t\t\t\t\t\t\t<h1>Ulriksdals V\u00e4rdshus<\/h1>\n\t\t\t\t\t\t<p>You will find the beautiful Ulriksdals V\u00e4rdshus in Solna, only a short distance from Stockholm city &#8211; a unique, historic destination surrounded by nature.<\/p>\t\t\t\t\t\n<h2>\n\t\t Ulriksdals V\u00e4rdshus history\n\t<\/h2>\n\t<p>Ulriksdals V\u00e4rdshus, in its current form, has existed since 1868, when the house was built at the initiative of Karl XV. Over the years, the building has undergone several renovations. The latest addition, &#8220;Queen Silvia&#8217;s Pavilion&#8221;, was inaugurated by Her Majesty the Queen on May 15, 1987.<\/p>\n<p>&nbsp;<\/p>\n<p>Since 1868, 11 different restaurateurs have taken care of Ulriksdals V\u00e4rdshus and the surrounding land. Svenska Brasserier took over the lease in 2016 with the vision of creating a culinary experience of the future. One which is in harmony with animals and nature. For us, sustainability is the key word.<\/p>\n<h3>\n\t\tThe farm\n\t<\/h3>\n\t<p>To our great joy, there are 1.5 hectares of land that belong to Ulriksdals V\u00e4rdshus. We take full advantage of this space! Did you know that we also have our own beekeeping? Most of the harvest ends up on your plate when you eat with us. Some also goes to our sister restaurants; Sturehof, Sturehof Matmarknad, Riche, Teatergrillen, Taverna Brillo, AIRA and Luzette.<\/p>\n<p>&nbsp;<\/p>\n<p>Read more about our land cultivation practices here. Or even better, come visit us and take a walk in the garden and the farm. We are happy to tell you about our work.<\/p>\n\t\n\t\t\t\t\t<source media=\"(max-width: 768px)\"\n\t\t\t\tsrcset=\"https:\/\/www.ulriksdalsvardshus.se\/en\/wp-content\/uploads\/sites\/2\/2022\/08\/om-oss-house-img-mobile.png\"\/>\n\t\t\t<source media=\"(max-width: 992px)\"\n\t\t\t\tsrcset=\"\"\/>\n\t\t\t<source media=\"(min-width: 993px)\"\n\t\t\t\tsrcset=\"https:\/\/www.ulriksdalsvardshus.se\/en\/wp-content\/uploads\/sites\/2\/2022\/08\/kontakta-oss-hero-img-mobile.png\"\/>\n\t\t\t<img decoding=\"async\" src=\"https:\/\/www.ulriksdalsvardshus.se\/en\/wp-content\/uploads\/sites\/2\/2022\/08\/kontakta-oss-hero-img-mobile.png\" alt=\"\" title=\"kontakta-oss-hero-img-mobile\"\/>\n\t\t\t\n\t\t\t<h2>Find Ulriksdals V\u00e4rdshus<\/h2>\n\t\t\t\t<p>Getting here is quick and easy. Take the metro to Bergshamra and then take a short walk through a beautiful forest area. Or perhaps you would prefer to cycle here? And of course, we also have plenty of parking for our guests.<\/p>\t\t\t\n\t\t\t\t\t\t\t<ul>\n\t\t\t\t\t\t\t\t\t\t\t<li><a\n\t\t\t\t\t\t       href=\"https:\/\/www.ulriksdalsvardshus.se\/en\/about-us\/contact-us\/\">Find us<\/a><\/li>\n\t\t\t\t\t\t\t\t\t<\/ul>\n\n","protected":false},"excerpt":{"rendered":"<p>Ulriksdals V\u00e4rdshus You will find the beautiful Ulriksdals V\u00e4rdshus in Solna, only a short distance from Stockholm city &#8211; a unique, historic destination surrounded by nature. Ulriksdals V\u00e4rdshus history Ulriksdals V\u00e4rdshus, in its current form, has existed since 1868, when the house was built at the initiative of Karl XV. Over the years, the building [&hellip;]<\/p>\n","protected":false},"author":10,"featured_media":0,"parent":0,"menu_order":0,"comment_status":"closed","ping_status":"closed","template":"","meta":{"_acf_changed":false,"footnotes":""},"class_list":["post-13045","page","type-page","status-publish","hentry"],"acf":[],"yoast_head":"<!-- This site is optimized with the Yoast SEO plugin v25.1 - https:\/\/yoast.com\/wordpress\/plugins\/seo\/ -->\n<title>Our history | Ulriksdals V\u00e4rdshus<\/title>\n<meta name=\"robots\" content=\"index, follow, max-snippet:-1, max-image-preview:large, max-video-preview:-1\" \/>\n<link rel=\"canonical\" href=\"https:\/\/www.ulriksdalsvardshus.se\/en\/ulriksdals-vardshus\/\" \/>\n<meta property=\"og:locale\" content=\"en_US\" \/>\n<meta property=\"og:type\" content=\"article\" \/>\n<meta property=\"og:title\" content=\"Our history | Ulriksdals V\u00e4rdshus\" \/>\n<meta property=\"og:description\" content=\"Ulriksdals V\u00e4rdshus You will find the beautiful Ulriksdals V\u00e4rdshus in Solna, only a short distance from Stockholm city &#8211; a unique, historic destination surrounded by nature. Ulriksdals V\u00e4rdshus history Ulriksdals V\u00e4rdshus, in its current form, has existed since 1868, when the house was built at the initiative of Karl XV. Over the years, the building [&hellip;]\" \/>\n<meta property=\"og:url\" content=\"https:\/\/www.ulriksdalsvardshus.se\/en\/ulriksdals-vardshus\/\" \/>\n<meta property=\"og:site_name\" content=\"Ulriksdals V\u00e4rdshus\" \/>\n<meta property=\"article:modified_time\" content=\"2023-04-12T08:13:00+00:00\" \/>\n<meta property=\"og:image\" content=\"https:\/\/www.ulriksdalsvardshus.se\/en\/wp-content\/uploads\/sites\/2\/2022\/09\/Ulriksdals_Vardshus.png\" \/>\n<meta name=\"twitter:card\" content=\"summary_large_image\" \/>\n<meta name=\"twitter:label1\" content=\"Est. reading time\" \/>\n\t<meta name=\"twitter:data1\" content=\"3 minutes\" \/>\n<script type=\"application\/ld+json\" class=\"yoast-schema-graph\">{\"@context\":\"https:\/\/schema.org\",\"@graph\":[{\"@type\":\"WebPage\",\"@id\":\"https:\/\/www.ulriksdalsvardshus.se\/en\/ulriksdals-vardshus\/\",\"url\":\"https:\/\/www.ulriksdalsvardshus.se\/en\/ulriksdals-vardshus\/\",\"name\":\"Our history | Ulriksdals V\u00e4rdshus\",\"isPartOf\":{\"@id\":\"https:\/\/www.ulriksdalsvardshus.se\/en\/#website\"},\"primaryImageOfPage\":{\"@id\":\"https:\/\/www.ulriksdalsvardshus.se\/en\/ulriksdals-vardshus\/#primaryimage\"},\"image\":{\"@id\":\"https:\/\/www.ulriksdalsvardshus.se\/en\/ulriksdals-vardshus\/#primaryimage\"},\"thumbnailUrl\":\"https:\/\/www.ulriksdalsvardshus.se\/en\/wp-content\/uploads\/sites\/2\/2022\/09\/Ulriksdals_Vardshus.png\",\"datePublished\":\"2022-09-05T10:59:54+00:00\",\"dateModified\":\"2023-04-12T08:13:00+00:00\",\"breadcrumb\":{\"@id\":\"https:\/\/www.ulriksdalsvardshus.se\/en\/ulriksdals-vardshus\/#breadcrumb\"},\"inLanguage\":\"en-US\",\"potentialAction\":[{\"@type\":\"ReadAction\",\"target\":[\"https:\/\/www.ulriksdalsvardshus.se\/en\/ulriksdals-vardshus\/\"]}]},{\"@type\":\"ImageObject\",\"inLanguage\":\"en-US\",\"@id\":\"https:\/\/www.ulriksdalsvardshus.se\/en\/ulriksdals-vardshus\/#primaryimage\",\"url\":\"https:\/\/www.ulriksdalsvardshus.se\/en\/wp-content\/uploads\/sites\/2\/2022\/09\/Ulriksdals_Vardshus.png\",\"contentUrl\":\"https:\/\/www.ulriksdalsvardshus.se\/en\/wp-content\/uploads\/sites\/2\/2022\/09\/Ulriksdals_Vardshus.png\",\"width\":1440,\"height\":420},{\"@type\":\"BreadcrumbList\",\"@id\":\"https:\/\/www.ulriksdalsvardshus.se\/en\/ulriksdals-vardshus\/#breadcrumb\",\"itemListElement\":[{\"@type\":\"ListItem\",\"position\":1,\"name\":\"Home\",\"item\":\"https:\/\/www.ulriksdalsvardshus.se\/en\/\"},{\"@type\":\"ListItem\",\"position\":2,\"name\":\"Ulriksdals V\u00e4rdshus\"}]},{\"@type\":\"WebSite\",\"@id\":\"https:\/\/www.ulriksdalsvardshus.se\/en\/#website\",\"url\":\"https:\/\/www.ulriksdalsvardshus.se\/en\/\",\"name\":\"Ulriksdals V\u00e4rdshus\",\"description\":\"\",\"publisher\":{\"@id\":\"https:\/\/www.ulriksdalsvardshus.se\/en\/#organization\"},\"potentialAction\":[{\"@type\":\"SearchAction\",\"target\":{\"@type\":\"EntryPoint\",\"urlTemplate\":\"https:\/\/www.ulriksdalsvardshus.se\/en\/?s={search_term_string}\"},\"query-input\":{\"@type\":\"PropertyValueSpecification\",\"valueRequired\":true,\"valueName\":\"search_term_string\"}}],\"inLanguage\":\"en-US\"},{\"@type\":\"Organization\",\"@id\":\"https:\/\/www.ulriksdalsvardshus.se\/en\/#organization\",\"name\":\"Ulriksdals V\u00e4rdshus\",\"url\":\"https:\/\/www.ulriksdalsvardshus.se\/en\/\",\"logo\":{\"@type\":\"ImageObject\",\"inLanguage\":\"en-US\",\"@id\":\"https:\/\/www.ulriksdalsvardshus.se\/en\/#\/schema\/logo\/image\/\",\"url\":\"https:\/\/www.ulriksdalsvardshus.se\/en\/wp-content\/uploads\/sites\/2\/2023\/03\/cropped-Ulriksdals_vardshus.png\",\"contentUrl\":\"https:\/\/www.ulriksdalsvardshus.se\/en\/wp-content\/uploads\/sites\/2\/2023\/03\/cropped-Ulriksdals_vardshus.png\",\"width\":1232,\"height\":115,\"caption\":\"Ulriksdals V\u00e4rdshus\"},\"image\":{\"@id\":\"https:\/\/www.ulriksdalsvardshus.se\/en\/#\/schema\/logo\/image\/\"}}]}<\/script>\n<!-- \/ Yoast SEO plugin. -->","yoast_head_json":{"title":"Our history | Ulriksdals V\u00e4rdshus","robots":{"index":"index","follow":"follow","max-snippet":"max-snippet:-1","max-image-preview":"max-image-preview:large","max-video-preview":"max-video-preview:-1"},"canonical":"https:\/\/www.ulriksdalsvardshus.se\/en\/ulriksdals-vardshus\/","og_locale":"en_US","og_type":"article","og_title":"Our history | Ulriksdals V\u00e4rdshus","og_description":"Ulriksdals V\u00e4rdshus You will find the beautiful Ulriksdals V\u00e4rdshus in Solna, only a short distance from Stockholm city &#8211; a unique, historic destination surrounded by nature. Ulriksdals V\u00e4rdshus history Ulriksdals V\u00e4rdshus, in its current form, has existed since 1868, when the house was built at the initiative of Karl XV. Over the years, the building [&hellip;]","og_url":"https:\/\/www.ulriksdalsvardshus.se\/en\/ulriksdals-vardshus\/","og_site_name":"Ulriksdals V\u00e4rdshus","article_modified_time":"2023-04-12T08:13:00+00:00","og_image":[{"url":"https:\/\/www.ulriksdalsvardshus.se\/en\/wp-content\/uploads\/sites\/2\/2022\/09\/Ulriksdals_Vardshus.png","type":"","width":"","height":""}],"twitter_card":"summary_large_image","twitter_misc":{"Est. reading time":"3 minutes"},"schema":{"@context":"https:\/\/schema.org","@graph":[{"@type":"WebPage","@id":"https:\/\/www.ulriksdalsvardshus.se\/en\/ulriksdals-vardshus\/","url":"https:\/\/www.ulriksdalsvardshus.se\/en\/ulriksdals-vardshus\/","name":"Our history | Ulriksdals V\u00e4rdshus","isPartOf":{"@id":"https:\/\/www.ulriksdalsvardshus.se\/en\/#website"},"primaryImageOfPage":{"@id":"https:\/\/www.ulriksdalsvardshus.se\/en\/ulriksdals-vardshus\/#primaryimage"},"image":{"@id":"https:\/\/www.ulriksdalsvardshus.se\/en\/ulriksdals-vardshus\/#primaryimage"},"thumbnailUrl":"https:\/\/www.ulriksdalsvardshus.se\/en\/wp-content\/uploads\/sites\/2\/2022\/09\/Ulriksdals_Vardshus.png","datePublished":"2022-09-05T10:59:54+00:00","dateModified":"2023-04-12T08:13:00+00:00","breadcrumb":{"@id":"https:\/\/www.ulriksdalsvardshus.se\/en\/ulriksdals-vardshus\/#breadcrumb"},"inLanguage":"en-US","potentialAction":[{"@type":"ReadAction","target":["https:\/\/www.ulriksdalsvardshus.se\/en\/ulriksdals-vardshus\/"]}]},{"@type":"ImageObject","inLanguage":"en-US","@id":"https:\/\/www.ulriksdalsvardshus.se\/en\/ulriksdals-vardshus\/#primaryimage","url":"https:\/\/www.ulriksdalsvardshus.se\/en\/wp-content\/uploads\/sites\/2\/2022\/09\/Ulriksdals_Vardshus.png","contentUrl":"https:\/\/www.ulriksdalsvardshus.se\/en\/wp-content\/uploads\/sites\/2\/2022\/09\/Ulriksdals_Vardshus.png","width":1440,"height":420},{"@type":"BreadcrumbList","@id":"https:\/\/www.ulriksdalsvardshus.se\/en\/ulriksdals-vardshus\/#breadcrumb","itemListElement":[{"@type":"ListItem","position":1,"name":"Home","item":"https:\/\/www.ulriksdalsvardshus.se\/en\/"},{"@type":"ListItem","position":2,"name":"Ulriksdals V\u00e4rdshus"}]},{"@type":"WebSite","@id":"https:\/\/www.ulriksdalsvardshus.se\/en\/#website","url":"https:\/\/www.ulriksdalsvardshus.se\/en\/","name":"Ulriksdals V\u00e4rdshus","description":"","publisher":{"@id":"https:\/\/www.ulriksdalsvardshus.se\/en\/#organization"},"potentialAction":[{"@type":"SearchAction","target":{"@type":"EntryPoint","urlTemplate":"https:\/\/www.ulriksdalsvardshus.se\/en\/?s={search_term_string}"},"query-input":{"@type":"PropertyValueSpecification","valueRequired":true,"valueName":"search_term_string"}}],"inLanguage":"en-US"},{"@type":"Organization","@id":"https:\/\/www.ulriksdalsvardshus.se\/en\/#organization","name":"Ulriksdals V\u00e4rdshus","url":"https:\/\/www.ulriksdalsvardshus.se\/en\/","logo":{"@type":"ImageObject","inLanguage":"en-US","@id":"https:\/\/www.ulriksdalsvardshus.se\/en\/#\/schema\/logo\/image\/","url":"https:\/\/www.ulriksdalsvardshus.se\/en\/wp-content\/uploads\/sites\/2\/2023\/03\/cropped-Ulriksdals_vardshus.png","contentUrl":"https:\/\/www.ulriksdalsvardshus.se\/en\/wp-content\/uploads\/sites\/2\/2023\/03\/cropped-Ulriksdals_vardshus.png","width":1232,"height":115,"caption":"Ulriksdals V\u00e4rdshus"},"image":{"@id":"https:\/\/www.ulriksdalsvardshus.se\/en\/#\/schema\/logo\/image\/"}}]}},"_links":{"self":[{"href":"https:\/\/www.ulriksdalsvardshus.se\/en\/wp-json\/wp\/v2\/pages\/13045","targetHints":{"allow":["GET"]}}],"collection":[{"href":"https:\/\/www.ulriksdalsvardshus.se\/en\/wp-json\/wp\/v2\/pages"}],"about":[{"href":"https:\/\/www.ulriksdalsvardshus.se\/en\/wp-json\/wp\/v2\/types\/page"}],"author":[{"embeddable":true,"href":"https:\/\/www.ulriksdalsvardshus.se\/en\/wp-json\/wp\/v2\/users\/10"}],"replies":[{"embeddable":true,"href":"https:\/\/www.ulriksdalsvardshus.se\/en\/wp-json\/wp\/v2\/comments?post=13045"}],"version-history":[{"count":5,"href":"https:\/\/www.ulriksdalsvardshus.se\/en\/wp-json\/wp\/v2\/pages\/13045\/revisions"}],"predecessor-version":[{"id":13427,"href":"https:\/\/www.ulriksdalsvardshus.se\/en\/wp-json\/wp\/v2\/pages\/13045\/revisions\/13427"}],"wp:attachment":[{"href":"https:\/\/www.ulriksdalsvardshus.se\/en\/wp-json\/wp\/v2\/media?parent=13045"}],"curies":[{"name":"wp","href":"https:\/\/api.w.org\/{rel}","templated":true}]}}