{"id":2,"date":"2019-11-11T21:14:02","date_gmt":"2019-11-11T20:14:02","guid":{"rendered":"http:\/\/dummy.demo.wetail.shop\/?page_id=2"},"modified":"2026-04-16T14:48:23","modified_gmt":"2026-04-16T12:48:23","slug":"startsida","status":"publish","type":"page","link":"https:\/\/www.ulriksdalsvardshus.se\/en\/","title":{"rendered":"Startsida"},"content":{"rendered":"\n\n\t\t\t\t\t\t\t\t\t<h1>Welcome to Ulriksdals V\u00e4rdshus<\/h1>\n\t\t\t\t\t\t<p>Welcome to book parties, weddings, Christmas dinners, and more at Ulriksdals V\u00e4rdshus! With our own garden just outside the windows and beautiful venues in a historic setting, we have the opportunity to tailor your day to your expectations. Here, you can create memories that will last a lifetime.<\/p>\t\t\t\t\t\n\t\t<ul>\n\t\t\t\t\t\t\t<li>\n\t\t\t\t\t\t\t\t\t\t\n\t\t\t\t\t\t\t\t\t\t\t\t\t<source media=\"(max-width: 768px)\"\n\t\t\t\t\t\t\t\tsrcset=\"\"\/>\n\t\t\t\t\t\t\t<source media=\"(max-width: 992px)\"\n\t\t\t\t\t\t\t\tsrcset=\"\"\/>\n\t\t\t\t\t\t\t<source media=\"(min-width: 993px)\"\n\t\t\t\t\t\t\t\tsrcset=\"https:\/\/www.ulriksdalsvardshus.se\/en\/wp-content\/uploads\/sites\/2\/2023\/11\/julbord-ulriksdals-vardshus-webb-11.jpg\"\/>\n\t\t\t\t\t\t\t<img decoding=\"async\" src=\"https:\/\/www.ulriksdalsvardshus.se\/en\/wp-content\/uploads\/sites\/2\/2023\/11\/julbord-ulriksdals-vardshus-webb-11.jpg\" alt=\"\" title=\"julbord-ulriksdals-vardshus-webb-11\"\/>\n\t\t\t\t\t\t\t\t\t\t\t\n\t\t\t\t\t<h3>Swedish Christmas buffet <\/h3>\n\t\t\t\t\t\t<p>Since the 19th century, Christmas tables have been set up at Ulriksdals V\u00e4rldshus, a tradition we intend to continue. Every year around Christmas, we serve a classic Christmas table made with many ingredients from our own farm.<\/p>\t\t\t\t\t\n\t\t\t\t\t\t\t\t\t\t\t<ul>\n\t\t\t\t\t\t\t\t\t\t\t\t\t\t\t<li>\n\t\t\t\t\t\t\t\t\t<a\n\t\t\t\t\t\t\t\t\t   href=\"https:\/\/www.ulriksdalsvardshus.se\/en\/christmas-table\/\">Read more<\/a>\n\t\t\t\t\t\t\t\t<\/li>\n\t\t\t\t\t\t\t\t\t\t\t\t\t<\/ul>\n\t\t\t\t\t\t\t\t\t\t\t\t\t\t<\/li>\n\t\t\t\t\t\t\t<li>\n\t\t\t\t\t\t\t\t\t\t\n\t\t\t\t\t\t\t\t\t\t\t\t\t<source media=\"(max-width: 768px)\"\n\t\t\t\t\t\t\t\tsrcset=\"\"\/>\n\t\t\t\t\t\t\t<source media=\"(max-width: 992px)\"\n\t\t\t\t\t\t\t\tsrcset=\"\"\/>\n\t\t\t\t\t\t\t<source media=\"(min-width: 993px)\"\n\t\t\t\t\t\t\t\tsrcset=\"https:\/\/www.ulriksdalsvardshus.se\/en\/wp-content\/uploads\/sites\/2\/2025\/03\/ulriksdals-vardshus-matsalen-square.png\"\/>\n\t\t\t\t\t\t\t<img decoding=\"async\" src=\"https:\/\/www.ulriksdalsvardshus.se\/en\/wp-content\/uploads\/sites\/2\/2025\/03\/ulriksdals-vardshus-matsalen-square.png\" alt=\"\" title=\"ulriksdals-vardshus-matsalen-square\"\/>\n\t\t\t\t\t\t\t\t\t\t\t\n\t\t\t\t\t<h3>Party venue<\/h3>\n\t\t\t\t\t\t<p>Birthday, wedding or just a cozy, big family dinner? We have three different rooms for private events. Here, your party of 20 &#8211; 70 people can be accommodated so you can enjoy a unique dining experience in a calming and natural environment.<\/p>\t\t\t\t\t\n\t\t\t\t\t\t\t\t\t\t\t<ul>\n\t\t\t\t\t\t\t\t\t\t\t\t\t\t\t<li>\n\t\t\t\t\t\t\t\t\t<a\n\t\t\t\t\t\t\t\t\t   href=\"https:\/\/www.ulriksdalsvardshus.se\/en\/party-venue\/\">Read more<\/a>\n\t\t\t\t\t\t\t\t<\/li>\n\t\t\t\t\t\t\t\t\t\t\t\t\t<\/ul>\n\t\t\t\t\t\t\t\t\t\t\t\t\t\t<\/li>\n\t\t\t\t\t\t\t<li>\n\t\t\t\t\t\t\t\t\t\t\n\t\t\t\t\t\t\t\t\t\t\t\t\t<source media=\"(max-width: 768px)\"\n\t\t\t\t\t\t\t\tsrcset=\"\"\/>\n\t\t\t\t\t\t\t<source media=\"(max-width: 992px)\"\n\t\t\t\t\t\t\t\tsrcset=\"\"\/>\n\t\t\t\t\t\t\t<source media=\"(min-width: 993px)\"\n\t\t\t\t\t\t\t\tsrcset=\"https:\/\/www.ulriksdalsvardshus.se\/en\/wp-content\/uploads\/sites\/2\/2023\/11\/ulriksdal-vardshus-odling-800x800-1.jpg\"\/>\n\t\t\t\t\t\t\t<img decoding=\"async\" src=\"https:\/\/www.ulriksdalsvardshus.se\/en\/wp-content\/uploads\/sites\/2\/2023\/11\/ulriksdal-vardshus-odling-800x800-1.jpg\" alt=\"Ulriksdals V\u00e4rdshus farmstead\" title=\"ulriksdal-vardshus-odling-800&#215;800\"\/>\n\t\t\t\t\t\t\t\t\t\t\t\n\t\t\t\t\t<h3>Our farmstead<\/h3>\n\t\t\t\t\t\t<p>Sustainability is important to us. Therefore, our culinary vision involves taking full advantage of the land around Ulriksdals V\u00e4rdshus to create our very own farmstead. Much of what you get on your plate grows in this 1.5-hectare agricultural oasis.<\/p>\t\t\t\t\t\n\t\t\t\t\t\t\t\t\t\t\t<ul>\n\t\t\t\t\t\t\t\t\t\t\t\t\t\t\t<li>\n\t\t\t\t\t\t\t\t\t<a\n\t\t\t\t\t\t\t\t\t   href=\"https:\/\/www.ulriksdalsvardshus.se\/en\/our_farmstead\/\">Read more<\/a>\n\t\t\t\t\t\t\t\t<\/li>\n\t\t\t\t\t\t\t\t\t\t\t\t\t<\/ul>\n\t\t\t\t\t\t\t\t\t\t\t\t\t\t<\/li>\n\t\t\t\t\t<\/ul>\n\n","protected":false},"excerpt":{"rendered":"<p>Welcome to Ulriksdals V\u00e4rdshus Welcome to book parties, weddings, Christmas dinners, and more at Ulriksdals V\u00e4rdshus! With our own garden just outside the windows and beautiful venues in a historic setting, we have the opportunity to tailor your day to your expectations. Here, you can create memories that will last a lifetime. Swedish Christmas buffet [&hellip;]<\/p>\n","protected":false},"author":2,"featured_media":0,"parent":0,"menu_order":0,"comment_status":"closed","ping_status":"closed","template":"","meta":{"_acf_changed":false,"footnotes":""},"class_list":["post-2","page","type-page","status-publish","hentry"],"acf":[],"yoast_head":"<!-- This site is optimized with the Yoast SEO plugin v25.1 - https:\/\/yoast.com\/wordpress\/plugins\/seo\/ -->\n<title>Ulriksdals V\u00e4rdshus in Solna, Stockholm<\/title>\n<meta name=\"robots\" content=\"index, follow, max-snippet:-1, max-image-preview:large, max-video-preview:-1\" \/>\n<link rel=\"canonical\" href=\"https:\/\/www.ulriksdalsvardshus.se\/en\/\" \/>\n<meta property=\"og:locale\" content=\"en_US\" \/>\n<meta property=\"og:type\" content=\"article\" \/>\n<meta property=\"og:title\" content=\"Ulriksdals V\u00e4rdshus in Solna, Stockholm\" \/>\n<meta property=\"og:description\" content=\"Welcome to Ulriksdals V\u00e4rdshus Welcome to book parties, weddings, Christmas dinners, and more at Ulriksdals V\u00e4rdshus! With our own garden just outside the windows and beautiful venues in a historic setting, we have the opportunity to tailor your day to your expectations. Here, you can create memories that will last a lifetime. Swedish Christmas buffet [&hellip;]\" \/>\n<meta property=\"og:url\" content=\"https:\/\/www.ulriksdalsvardshus.se\/en\/\" \/>\n<meta property=\"og:site_name\" content=\"Ulriksdals V\u00e4rdshus\" \/>\n<meta property=\"article:modified_time\" content=\"2026-04-16T12:48:23+00:00\" \/>\n<meta property=\"og:image\" content=\"https:\/\/www.ulriksdalsvardshus.se\/en\/wp-content\/uploads\/sites\/2\/2023\/11\/julbord-ulriksdals-vardshus-webb-11.jpg\" \/>\n<meta name=\"twitter:card\" content=\"summary_large_image\" \/>\n<meta name=\"twitter:label1\" content=\"Est. reading time\" \/>\n\t<meta name=\"twitter:data1\" content=\"1 minute\" \/>\n<script type=\"application\/ld+json\" class=\"yoast-schema-graph\">{\"@context\":\"https:\/\/schema.org\",\"@graph\":[{\"@type\":\"WebPage\",\"@id\":\"https:\/\/www.ulriksdalsvardshus.se\/en\/\",\"url\":\"https:\/\/www.ulriksdalsvardshus.se\/en\/\",\"name\":\"Ulriksdals V\u00e4rdshus in Solna, Stockholm\",\"isPartOf\":{\"@id\":\"https:\/\/www.ulriksdalsvardshus.se\/en\/#website\"},\"primaryImageOfPage\":{\"@id\":\"https:\/\/www.ulriksdalsvardshus.se\/en\/#primaryimage\"},\"image\":{\"@id\":\"https:\/\/www.ulriksdalsvardshus.se\/en\/#primaryimage\"},\"thumbnailUrl\":\"https:\/\/www.ulriksdalsvardshus.se\/en\/wp-content\/uploads\/sites\/2\/2023\/11\/julbord-ulriksdals-vardshus-webb-11.jpg\",\"datePublished\":\"2019-11-11T20:14:02+00:00\",\"dateModified\":\"2026-04-16T12:48:23+00:00\",\"breadcrumb\":{\"@id\":\"https:\/\/www.ulriksdalsvardshus.se\/en\/#breadcrumb\"},\"inLanguage\":\"en-US\",\"potentialAction\":[{\"@type\":\"ReadAction\",\"target\":[\"https:\/\/www.ulriksdalsvardshus.se\/en\/\"]}]},{\"@type\":\"ImageObject\",\"inLanguage\":\"en-US\",\"@id\":\"https:\/\/www.ulriksdalsvardshus.se\/en\/#primaryimage\",\"url\":\"https:\/\/www.ulriksdalsvardshus.se\/en\/wp-content\/uploads\/sites\/2\/2023\/11\/julbord-ulriksdals-vardshus-webb-11.jpg\",\"contentUrl\":\"https:\/\/www.ulriksdalsvardshus.se\/en\/wp-content\/uploads\/sites\/2\/2023\/11\/julbord-ulriksdals-vardshus-webb-11.jpg\",\"width\":1000,\"height\":600},{\"@type\":\"BreadcrumbList\",\"@id\":\"https:\/\/www.ulriksdalsvardshus.se\/en\/#breadcrumb\",\"itemListElement\":[{\"@type\":\"ListItem\",\"position\":1,\"name\":\"Home\",\"item\":\"https:\/\/www.ulriksdalsvardshus.se\/en\/\"},{\"@type\":\"ListItem\",\"position\":2,\"name\":\"Startsida\"}]},{\"@type\":\"WebSite\",\"@id\":\"https:\/\/www.ulriksdalsvardshus.se\/en\/#website\",\"url\":\"https:\/\/www.ulriksdalsvardshus.se\/en\/\",\"name\":\"Ulriksdals V\u00e4rdshus\",\"description\":\"\",\"publisher\":{\"@id\":\"https:\/\/www.ulriksdalsvardshus.se\/en\/#organization\"},\"potentialAction\":[{\"@type\":\"SearchAction\",\"target\":{\"@type\":\"EntryPoint\",\"urlTemplate\":\"https:\/\/www.ulriksdalsvardshus.se\/en\/?s={search_term_string}\"},\"query-input\":{\"@type\":\"PropertyValueSpecification\",\"valueRequired\":true,\"valueName\":\"search_term_string\"}}],\"inLanguage\":\"en-US\"},{\"@type\":\"Organization\",\"@id\":\"https:\/\/www.ulriksdalsvardshus.se\/en\/#organization\",\"name\":\"Ulriksdals V\u00e4rdshus\",\"url\":\"https:\/\/www.ulriksdalsvardshus.se\/en\/\",\"logo\":{\"@type\":\"ImageObject\",\"inLanguage\":\"en-US\",\"@id\":\"https:\/\/www.ulriksdalsvardshus.se\/en\/#\/schema\/logo\/image\/\",\"url\":\"https:\/\/www.ulriksdalsvardshus.se\/en\/wp-content\/uploads\/sites\/2\/2023\/03\/cropped-Ulriksdals_vardshus.png\",\"contentUrl\":\"https:\/\/www.ulriksdalsvardshus.se\/en\/wp-content\/uploads\/sites\/2\/2023\/03\/cropped-Ulriksdals_vardshus.png\",\"width\":1232,\"height\":115,\"caption\":\"Ulriksdals V\u00e4rdshus\"},\"image\":{\"@id\":\"https:\/\/www.ulriksdalsvardshus.se\/en\/#\/schema\/logo\/image\/\"}}]}<\/script>\n<!-- \/ Yoast SEO plugin. -->","yoast_head_json":{"title":"Ulriksdals V\u00e4rdshus in Solna, Stockholm","robots":{"index":"index","follow":"follow","max-snippet":"max-snippet:-1","max-image-preview":"max-image-preview:large","max-video-preview":"max-video-preview:-1"},"canonical":"https:\/\/www.ulriksdalsvardshus.se\/en\/","og_locale":"en_US","og_type":"article","og_title":"Ulriksdals V\u00e4rdshus in Solna, Stockholm","og_description":"Welcome to Ulriksdals V\u00e4rdshus Welcome to book parties, weddings, Christmas dinners, and more at Ulriksdals V\u00e4rdshus! With our own garden just outside the windows and beautiful venues in a historic setting, we have the opportunity to tailor your day to your expectations. Here, you can create memories that will last a lifetime. Swedish Christmas buffet [&hellip;]","og_url":"https:\/\/www.ulriksdalsvardshus.se\/en\/","og_site_name":"Ulriksdals V\u00e4rdshus","article_modified_time":"2026-04-16T12:48:23+00:00","og_image":[{"url":"https:\/\/www.ulriksdalsvardshus.se\/en\/wp-content\/uploads\/sites\/2\/2023\/11\/julbord-ulriksdals-vardshus-webb-11.jpg","type":"","width":"","height":""}],"twitter_card":"summary_large_image","twitter_misc":{"Est. reading time":"1 minute"},"schema":{"@context":"https:\/\/schema.org","@graph":[{"@type":"WebPage","@id":"https:\/\/www.ulriksdalsvardshus.se\/en\/","url":"https:\/\/www.ulriksdalsvardshus.se\/en\/","name":"Ulriksdals V\u00e4rdshus in Solna, Stockholm","isPartOf":{"@id":"https:\/\/www.ulriksdalsvardshus.se\/en\/#website"},"primaryImageOfPage":{"@id":"https:\/\/www.ulriksdalsvardshus.se\/en\/#primaryimage"},"image":{"@id":"https:\/\/www.ulriksdalsvardshus.se\/en\/#primaryimage"},"thumbnailUrl":"https:\/\/www.ulriksdalsvardshus.se\/en\/wp-content\/uploads\/sites\/2\/2023\/11\/julbord-ulriksdals-vardshus-webb-11.jpg","datePublished":"2019-11-11T20:14:02+00:00","dateModified":"2026-04-16T12:48:23+00:00","breadcrumb":{"@id":"https:\/\/www.ulriksdalsvardshus.se\/en\/#breadcrumb"},"inLanguage":"en-US","potentialAction":[{"@type":"ReadAction","target":["https:\/\/www.ulriksdalsvardshus.se\/en\/"]}]},{"@type":"ImageObject","inLanguage":"en-US","@id":"https:\/\/www.ulriksdalsvardshus.se\/en\/#primaryimage","url":"https:\/\/www.ulriksdalsvardshus.se\/en\/wp-content\/uploads\/sites\/2\/2023\/11\/julbord-ulriksdals-vardshus-webb-11.jpg","contentUrl":"https:\/\/www.ulriksdalsvardshus.se\/en\/wp-content\/uploads\/sites\/2\/2023\/11\/julbord-ulriksdals-vardshus-webb-11.jpg","width":1000,"height":600},{"@type":"BreadcrumbList","@id":"https:\/\/www.ulriksdalsvardshus.se\/en\/#breadcrumb","itemListElement":[{"@type":"ListItem","position":1,"name":"Home","item":"https:\/\/www.ulriksdalsvardshus.se\/en\/"},{"@type":"ListItem","position":2,"name":"Startsida"}]},{"@type":"WebSite","@id":"https:\/\/www.ulriksdalsvardshus.se\/en\/#website","url":"https:\/\/www.ulriksdalsvardshus.se\/en\/","name":"Ulriksdals V\u00e4rdshus","description":"","publisher":{"@id":"https:\/\/www.ulriksdalsvardshus.se\/en\/#organization"},"potentialAction":[{"@type":"SearchAction","target":{"@type":"EntryPoint","urlTemplate":"https:\/\/www.ulriksdalsvardshus.se\/en\/?s={search_term_string}"},"query-input":{"@type":"PropertyValueSpecification","valueRequired":true,"valueName":"search_term_string"}}],"inLanguage":"en-US"},{"@type":"Organization","@id":"https:\/\/www.ulriksdalsvardshus.se\/en\/#organization","name":"Ulriksdals V\u00e4rdshus","url":"https:\/\/www.ulriksdalsvardshus.se\/en\/","logo":{"@type":"ImageObject","inLanguage":"en-US","@id":"https:\/\/www.ulriksdalsvardshus.se\/en\/#\/schema\/logo\/image\/","url":"https:\/\/www.ulriksdalsvardshus.se\/en\/wp-content\/uploads\/sites\/2\/2023\/03\/cropped-Ulriksdals_vardshus.png","contentUrl":"https:\/\/www.ulriksdalsvardshus.se\/en\/wp-content\/uploads\/sites\/2\/2023\/03\/cropped-Ulriksdals_vardshus.png","width":1232,"height":115,"caption":"Ulriksdals V\u00e4rdshus"},"image":{"@id":"https:\/\/www.ulriksdalsvardshus.se\/en\/#\/schema\/logo\/image\/"}}]}},"_links":{"self":[{"href":"https:\/\/www.ulriksdalsvardshus.se\/en\/wp-json\/wp\/v2\/pages\/2","targetHints":{"allow":["GET"]}}],"collection":[{"href":"https:\/\/www.ulriksdalsvardshus.se\/en\/wp-json\/wp\/v2\/pages"}],"about":[{"href":"https:\/\/www.ulriksdalsvardshus.se\/en\/wp-json\/wp\/v2\/types\/page"}],"author":[{"embeddable":true,"href":"https:\/\/www.ulriksdalsvardshus.se\/en\/wp-json\/wp\/v2\/users\/2"}],"replies":[{"embeddable":true,"href":"https:\/\/www.ulriksdalsvardshus.se\/en\/wp-json\/wp\/v2\/comments?post=2"}],"version-history":[{"count":5,"href":"https:\/\/www.ulriksdalsvardshus.se\/en\/wp-json\/wp\/v2\/pages\/2\/revisions"}],"predecessor-version":[{"id":13580,"href":"https:\/\/www.ulriksdalsvardshus.se\/en\/wp-json\/wp\/v2\/pages\/2\/revisions\/13580"}],"wp:attachment":[{"href":"https:\/\/www.ulriksdalsvardshus.se\/en\/wp-json\/wp\/v2\/media?parent=2"}],"curies":[{"name":"wp","href":"https:\/\/api.w.org\/{rel}","templated":true}]}}